{"id":577,"date":"2026-03-28T13:20:17","date_gmt":"2026-03-28T12:20:17","guid":{"rendered":"https:\/\/filterek.pl\/?page_id=577"},"modified":"2026-04-10T13:18:12","modified_gmt":"2026-04-10T11:18:12","slug":"dostawa-i-platnosci","status":"publish","type":"page","link":"https:\/\/filterek.pl\/index.php\/dostawa-i-platnosci\/","title":{"rendered":"Dostawa i p\u0142atno\u015bci"},"content":{"rendered":"\t\t<div data-elementor-type=\"wp-page\" data-elementor-id=\"577\" class=\"elementor elementor-577\" data-elementor-post-type=\"page\">\n\t\t\t\t<div class=\"elementor-element elementor-element-29602b8 e-flex e-con-boxed e-con e-parent\" data-id=\"29602b8\" data-element_type=\"container\" data-settings=\"{&quot;background_background&quot;:&quot;classic&quot;}\">\n\t\t\t\t\t<div class=\"e-con-inner\">\n\t\t\t\t<div class=\"elementor-element elementor-element-e2ae51a elementor-widget elementor-widget-woocommerce-breadcrumb\" data-id=\"e2ae51a\" data-element_type=\"widget\" data-widget_type=\"woocommerce-breadcrumb.default\">\n\t\t\t\t\t<nav class=\"woocommerce-breadcrumb\" aria-label=\"Breadcrumb\">Strona g\u0142\u00f3wna<\/nav>\t\t\t\t<\/div>\n\t\t\t\t\t<\/div>\n\t\t\t\t<\/div>\n\t\t<div class=\"elementor-element elementor-element-b6da2d7 e-flex e-con-boxed e-con e-parent\" data-id=\"b6da2d7\" data-element_type=\"container\">\n\t\t\t\t\t<div class=\"e-con-inner\">\n\t\t\t\t<div class=\"elementor-element elementor-element-57fc800 elementor-widget-divider--view-line elementor-widget elementor-widget-divider\" data-id=\"57fc800\" data-element_type=\"widget\" data-widget_type=\"divider.default\">\n\t\t\t\t\t\t\t<div class=\"elementor-divider\">\n\t\t\t<span class=\"elementor-divider-separator\">\n\t\t\t\t\t\t<\/span>\n\t\t<\/div>\n\t\t\t\t\t\t<\/div>\n\t\t\t\t\t<\/div>\n\t\t\t\t<\/div>\n\t\t<div class=\"elementor-element elementor-element-d5114ea e-flex e-con-boxed e-con e-parent\" data-id=\"d5114ea\" data-element_type=\"container\">\n\t\t\t\t\t<div class=\"e-con-inner\">\n\t\t\t\t<div class=\"elementor-element elementor-element-fd0cd07 elementor-widget elementor-widget-heading\" data-id=\"fd0cd07\" data-element_type=\"widget\" data-widget_type=\"heading.default\">\n\t\t\t\t\t<h1 class=\"elementor-heading-title elementor-size-default\">Dostawa i p\u0142atno\u015bci<\/h1>\t\t\t\t<\/div>\n\t\t\t\t\t<\/div>\n\t\t\t\t<\/div>\n\t\t<div class=\"elementor-element elementor-element-a569412 e-flex e-con-boxed e-con e-parent\" data-id=\"a569412\" data-element_type=\"container\">\n\t\t\t\t\t<div class=\"e-con-inner\">\n\t\t\t\t<div class=\"elementor-element elementor-element-8dc725e elementor-widget-divider--view-line elementor-widget elementor-widget-divider\" data-id=\"8dc725e\" data-element_type=\"widget\" data-widget_type=\"divider.default\">\n\t\t\t\t\t\t\t<div class=\"elementor-divider\">\n\t\t\t<span class=\"elementor-divider-separator\">\n\t\t\t\t\t\t<\/span>\n\t\t<\/div>\n\t\t\t\t\t\t<\/div>\n\t\t\t\t\t<\/div>\n\t\t\t\t<\/div>\n\t\t<div class=\"elementor-element elementor-element-578f53e e-flex e-con-boxed e-con e-parent\" data-id=\"578f53e\" data-element_type=\"container\">\n\t\t\t\t\t<div class=\"e-con-inner\">\n\t\t\t\t<div class=\"elementor-element elementor-element-221b3f1 elementor-widget elementor-widget-heading\" data-id=\"221b3f1\" data-element_type=\"widget\" data-widget_type=\"heading.default\">\n\t\t\t\t\t<h2 class=\"elementor-heading-title elementor-size-default\">Dostawa<\/h2>\t\t\t\t<\/div>\n\t\t\t\t\t<\/div>\n\t\t\t\t<\/div>\n\t\t<div class=\"elementor-element elementor-element-71c70515 e-flex e-con-boxed e-con e-parent\" data-id=\"71c70515\" data-element_type=\"container\">\n\t\t\t\t\t<div class=\"e-con-inner\">\n\t\t\t\t<div class=\"elementor-element elementor-element-76bdc7e3 elementor-widget elementor-widget-text-editor\" data-id=\"76bdc7e3\" data-element_type=\"widget\" data-widget_type=\"text-editor.default\">\n\t\t\t\t\t\t\t\t\t<p class=\"wp-block-heading\"><span style=\"font-size: 1rem;\">Zam\u00f3wienia z\u0142o\u017cone w sklepie Filterek.pl realizowane s\u0105 na terenie Polski za po\u015brednictwem firmy InPost. Przesy\u0142ki dostarczane s\u0105 kurierem InPost, zgodnie z aktualnymi terminami dor\u0119cze\u0144 wskazywanymi przez przewo\u017anika. Ka\u017cda paczka jest starannie zabezpieczana i wysy\u0142ana w solidnym opakowaniu, aby zam\u00f3wiony produkt dotar\u0142 do Klienta w nienaruszonym stanie. Przy ka\u017cdym produkcie podany jest szacunkowy czas realizacji zam\u00f3wienia. Termin ten liczony jest od momentu zaksi\u0119gowania p\u0142atno\u015bci. Zam\u00f3wienia s\u0105 wysy\u0142ane w ci\u0105gu maksymalnie 2 dni roboczych od momentu otrzymania p\u0142atno\u015bci. W przypadku wyd\u0142u\u017cenia czasu realizacji Klient zostanie niezw\u0142ocznie poinformowany drog\u0105 mailow\u0105 lub telefoniczn\u0105. Koszt dostawy jest wskazany w procesie sk\u0142adania zam\u00f3wienia (koszyk) przed jego finalizacj\u0105. Sklep Filterek.pl nie realizuje przesy\u0142ek za pobraniem. Nie oferujemy r\u00f3wnie\u017c mo\u017cliwo\u015bci odbioru osobistego &#8211; wszystkie zam\u00f3wienia wysy\u0142ane s\u0105 wy\u0142\u0105cznie za po\u015brednictwem firmy kurierskiej. W przypadku ch\u0119ci realizacji wysy\u0142ki poza granice Polski prosimy o wcze\u015bniejszy kontakt mailowy w celu ustalenia mo\u017cliwo\u015bci oraz kosztu dostawy.<\/span><\/p>\n<p><!-- \/wp:paragraph --><\/p>\t\t\t\t\t\t\t\t<\/div>\n\t\t\t\t\t<\/div>\n\t\t\t\t<\/div>\n\t\t<div class=\"elementor-element elementor-element-c8df5c8 e-flex e-con-boxed e-con e-parent\" data-id=\"c8df5c8\" data-element_type=\"container\">\n\t\t\t\t\t<div class=\"e-con-inner\">\n\t\t\t\t<div class=\"elementor-element elementor-element-a83b03f elementor-widget-divider--view-line elementor-widget elementor-widget-divider\" data-id=\"a83b03f\" data-element_type=\"widget\" data-widget_type=\"divider.default\">\n\t\t\t\t\t\t\t<div class=\"elementor-divider\">\n\t\t\t<span class=\"elementor-divider-separator\">\n\t\t\t\t\t\t<\/span>\n\t\t<\/div>\n\t\t\t\t\t\t<\/div>\n\t\t\t\t\t<\/div>\n\t\t\t\t<\/div>\n\t\t<div class=\"elementor-element elementor-element-56f5435 e-flex e-con-boxed e-con e-parent\" data-id=\"56f5435\" data-element_type=\"container\">\n\t\t\t\t\t<div class=\"e-con-inner\">\n\t\t\t\t<div class=\"elementor-element elementor-element-ff4f6c2 elementor-widget elementor-widget-heading\" data-id=\"ff4f6c2\" data-element_type=\"widget\" data-widget_type=\"heading.default\">\n\t\t\t\t\t<h2 class=\"elementor-heading-title elementor-size-default\">P\u0142atno\u015bci<\/h2>\t\t\t\t<\/div>\n\t\t\t\t\t<\/div>\n\t\t\t\t<\/div>\n\t\t<div class=\"elementor-element elementor-element-e509dd1 e-flex e-con-boxed e-con e-parent\" data-id=\"e509dd1\" data-element_type=\"container\">\n\t\t\t\t\t<div class=\"e-con-inner\">\n\t\t\t\t<div class=\"elementor-element elementor-element-e8a4aca elementor-widget elementor-widget-text-editor\" data-id=\"e8a4aca\" data-element_type=\"widget\" data-widget_type=\"text-editor.default\">\n\t\t\t\t\t\t\t\t\t<p>W sklepie Filterek.pl realizujemy zam\u00f3wienia wy\u0142\u0105cznie po dokonaniu p\u0142atno\u015bci z g\u00f3ry. Rozpocz\u0119cie realizacji zam\u00f3wienia nast\u0119puje po zaksi\u0119gowaniu p\u0142atno\u015bci. P\u0142atno\u015bci online realizowane s\u0105 za po\u015brednictwem operatora Autopay S.A., kt\u00f3ry zapewnia bezpieczne i szybkie przetwarzanie transakcji. Dost\u0119pne metody p\u0142atno\u015bci obejmuj\u0105 m.in. szybkie przelewy internetowe oraz p\u0142atno\u015bci kart\u0105, zgodnie z aktualn\u0105 ofert\u0105 operatora. Istnieje r\u00f3wnie\u017c mo\u017cliwo\u015b\u0107 dokonania p\u0142atno\u015bci przelewem tradycyjnym na rachunek bankowy Sprzedawcy:<br \/>PKO Bank Polski<br \/>Nr konta: 21 1020 1967 0000 8102 0396 9664<br \/>Sklep Filterek.pl nie oferuje p\u0142atno\u015bci za pobraniem ani p\u0142atno\u015bci przy odbiorze. Wszystkie zam\u00f3wienia op\u0142acane s\u0105 w ca\u0142o\u015bci przed rozpocz\u0119ciem ich realizacji. Po prawid\u0142owym zako\u0144czeniu transakcji Klient otrzymuje potwierdzenie p\u0142atno\u015bci drog\u0105 mailow\u0105.<\/p>\t\t\t\t\t\t\t\t<\/div>\n\t\t\t\t\t<\/div>\n\t\t\t\t<\/div>\n\t\t\t\t<\/div>\n\t\t","protected":false},"excerpt":{"rendered":"<p>Dostawa i p\u0142atno\u015bci Dostawa Zam\u00f3wienia z\u0142o\u017cone w sklepie Filterek.pl realizowane s\u0105 na terenie Polski za po\u015brednictwem firmy InPost. Przesy\u0142ki dostarczane s\u0105 kurierem InPost, zgodnie z aktualnymi terminami dor\u0119cze\u0144 wskazywanymi przez przewo\u017anika. Ka\u017cda paczka jest starannie zabezpieczana i wysy\u0142ana w solidnym opakowaniu, aby zam\u00f3wiony produkt dotar\u0142 do Klienta w nienaruszonym stanie. Przy ka\u017cdym produkcie podany jest [&hellip;]<\/p>\n","protected":false},"author":1,"featured_media":0,"parent":0,"menu_order":0,"comment_status":"closed","ping_status":"closed","template":"","meta":{"footnotes":""},"class_list":["post-577","page","type-page","status-publish","hentry"],"_links":{"self":[{"href":"https:\/\/filterek.pl\/index.php\/wp-json\/wp\/v2\/pages\/577","targetHints":{"allow":["GET"]}}],"collection":[{"href":"https:\/\/filterek.pl\/index.php\/wp-json\/wp\/v2\/pages"}],"about":[{"href":"https:\/\/filterek.pl\/index.php\/wp-json\/wp\/v2\/types\/page"}],"author":[{"embeddable":true,"href":"https:\/\/filterek.pl\/index.php\/wp-json\/wp\/v2\/users\/1"}],"replies":[{"embeddable":true,"href":"https:\/\/filterek.pl\/index.php\/wp-json\/wp\/v2\/comments?post=577"}],"version-history":[{"count":7,"href":"https:\/\/filterek.pl\/index.php\/wp-json\/wp\/v2\/pages\/577\/revisions"}],"predecessor-version":[{"id":812,"href":"https:\/\/filterek.pl\/index.php\/wp-json\/wp\/v2\/pages\/577\/revisions\/812"}],"wp:attachment":[{"href":"https:\/\/filterek.pl\/index.php\/wp-json\/wp\/v2\/media?parent=577"}],"curies":[{"name":"wp","href":"https:\/\/api.w.org\/{rel}","templated":true}]}}