{"id":592,"date":"2026-03-28T14:21:51","date_gmt":"2026-03-28T13:21:51","guid":{"rendered":"https:\/\/filterek.pl\/?page_id=592"},"modified":"2026-04-08T13:53:55","modified_gmt":"2026-04-08T11:53:55","slug":"o-firmie","status":"publish","type":"page","link":"https:\/\/filterek.pl\/index.php\/o-firmie\/","title":{"rendered":"O firmie"},"content":{"rendered":"\t\t<div data-elementor-type=\"wp-page\" data-elementor-id=\"592\" class=\"elementor elementor-592\" data-elementor-post-type=\"page\">\n\t\t\t\t<div class=\"elementor-element elementor-element-995719c e-flex e-con-boxed e-con e-parent\" data-id=\"995719c\" data-element_type=\"container\">\n\t\t\t\t\t<div class=\"e-con-inner\">\n\t\t\t\t<div class=\"elementor-element elementor-element-a484973 elementor-widget elementor-widget-heading\" data-id=\"a484973\" data-element_type=\"widget\" data-widget_type=\"heading.default\">\n\t\t\t\t\t<h1 class=\"elementor-heading-title elementor-size-default\">O nas - Filterek.pl<\/h1>\t\t\t\t<\/div>\n\t\t\t\t\t<\/div>\n\t\t\t\t<\/div>\n\t\t<div class=\"elementor-element elementor-element-2241d504 e-flex e-con-boxed e-con e-parent\" data-id=\"2241d504\" data-element_type=\"container\">\n\t\t\t\t\t<div class=\"e-con-inner\">\n\t\t\t\t<div class=\"elementor-element elementor-element-2ffbb7cc elementor-widget elementor-widget-text-editor\" data-id=\"2ffbb7cc\" data-element_type=\"widget\" data-widget_type=\"text-editor.default\">\n\t\t\t\t\t\t\t\t\t<p data-start=\"233\" data-end=\"417\">W Filterek.pl oferujemy sprawdzone systemy filtracji wody do u\u017cytku domowego. Skupiamy si\u0119 na rozwi\u0105zaniach, kt\u00f3re realnie poprawiaj\u0105 jako\u015b\u0107 wody i s\u0105 wygodne w codziennym u\u017cytkowaniu.<\/p>\n<p data-start=\"419\" data-end=\"598\">Naszym celem jest dostarczenie prostego i skutecznego rozwi\u0105zania, kt\u00f3re pozwala korzysta\u0107 z czystej i smacznej wody prosto z kranu &#8211; bez konieczno\u015bci kupowania wody butelkowanej.<\/p>\n<p data-start=\"600\" data-end=\"796\">Nasze systemy filtracji oparte na technologii odwr\u00f3conej osmozy skutecznie redukuj\u0105 zanieczyszczenia, takie jak chlor, metale ci\u0119\u017ckie czy zwi\u0105zki chemiczne, poprawiaj\u0105c smak i bezpiecze\u0144stwo wody.<\/p>\n<p data-start=\"798\" data-end=\"832\">Stawiamy na rozwi\u0105zania, kt\u00f3re s\u0105:<\/p>\n<ul data-start=\"833\" data-end=\"932\">\n<li data-section-id=\"1atapb4\" data-start=\"833\" data-end=\"853\">proste w monta\u017cu<\/li>\n<li data-section-id=\"pkkfaw\" data-start=\"854\" data-end=\"890\">wygodne w codziennym u\u017cytkowaniu<\/li>\n<li data-section-id=\"ie527y\" data-start=\"891\" data-end=\"932\">dopasowane do realnych potrzeb w domu<\/li>\n<\/ul>\n<div>\u00a0<\/div>\n<p data-start=\"934\" data-end=\"1112\">Zale\u017cy nam na tym, aby korzystanie z filtrowanej wody by\u0142o wygodne i dost\u0119pne dla ka\u017cdego &#8211; niezale\u017cnie od tego, czy chodzi o picie, gotowanie czy codzienne u\u017cytkowanie w kuchni.<\/p>\n<p><!-- \/wp:paragraph --><\/p>\t\t\t\t\t\t\t\t<\/div>\n\t\t\t\t\t<\/div>\n\t\t\t\t<\/div>\n\t\t<div class=\"elementor-element elementor-element-9b33a43 e-flex e-con-boxed e-con e-parent\" data-id=\"9b33a43\" data-element_type=\"container\">\n\t\t\t\t\t<div class=\"e-con-inner\">\n\t\t\t\t<div class=\"elementor-element elementor-element-01d9fcc elementor-widget elementor-widget-text-editor\" data-id=\"01d9fcc\" data-element_type=\"widget\" data-widget_type=\"text-editor.default\">\n\t\t\t\t\t\t\t\t\t<h2 data-section-id=\"4n4ouv\" data-start=\"1188\" data-end=\"1222\"><span role=\"text\">Dlaczego warto nam zaufa\u0107?<\/span><\/h2>\n<ul data-start=\"1224\" data-end=\"1369\">\n<li data-section-id=\"3ut0mt\" data-start=\"1224\" data-end=\"1265\">sprawdzone rozwi\u0105zania filtracji wody<\/li>\n<li data-section-id=\"rewxj6\" data-start=\"1266\" data-end=\"1297\">szybka i bezpieczna wysy\u0142ka<\/li>\n<li data-section-id=\"vsh11y\" data-start=\"1298\" data-end=\"1329\">wsparcie przed i po zakupie<\/li>\n<li data-section-id=\"12m7kul\" data-start=\"1330\" data-end=\"1369\">\u0142atwa dost\u0119pno\u015b\u0107 filtr\u00f3w wymiennych.<\/li>\n<\/ul>\t\t\t\t\t\t\t\t<\/div>\n\t\t\t\t\t<\/div>\n\t\t\t\t<\/div>\n\t\t<div class=\"elementor-element elementor-element-dace60d e-flex e-con-boxed e-con e-parent\" data-id=\"dace60d\" data-element_type=\"container\">\n\t\t\t\t\t<div class=\"e-con-inner\">\n\t\t\t\t<div class=\"elementor-element elementor-element-f7f525b elementor-widget elementor-widget-image\" data-id=\"f7f525b\" data-element_type=\"widget\" data-widget_type=\"image.default\">\n\t\t\t\t\t\t\t\t\t\t\t\t\t\t\t<img fetchpriority=\"high\" decoding=\"async\" width=\"800\" height=\"587\" src=\"https:\/\/filterek.pl\/wp-content\/uploads\/2026\/01\/odwrocona-osmoza-filterek-1024x751.webp\" class=\"attachment-large size-large wp-image-426\" alt=\"odwr\u00f3cona osmoza filtry\" srcset=\"https:\/\/filterek.pl\/wp-content\/uploads\/2026\/01\/odwrocona-osmoza-filterek-1024x751.webp 1024w, https:\/\/filterek.pl\/wp-content\/uploads\/2026\/01\/odwrocona-osmoza-filterek-300x220.webp 300w, https:\/\/filterek.pl\/wp-content\/uploads\/2026\/01\/odwrocona-osmoza-filterek-768x563.webp 768w, https:\/\/filterek.pl\/wp-content\/uploads\/2026\/01\/odwrocona-osmoza-filterek-600x440.webp 600w, https:\/\/filterek.pl\/wp-content\/uploads\/2026\/01\/odwrocona-osmoza-filterek.webp 1200w\" sizes=\"(max-width: 800px) 100vw, 800px\" \/>\t\t\t\t\t\t\t\t\t\t\t\t\t\t\t<\/div>\n\t\t\t\t\t<\/div>\n\t\t\t\t<\/div>\n\t\t<div class=\"elementor-element elementor-element-fd87366 e-flex e-con-boxed e-con e-parent\" data-id=\"fd87366\" data-element_type=\"container\">\n\t\t\t\t\t<div class=\"e-con-inner\">\n\t\t\t\t<div class=\"elementor-element elementor-element-536afe2 elementor-widget-divider--view-line elementor-widget elementor-widget-divider\" data-id=\"536afe2\" data-element_type=\"widget\" data-widget_type=\"divider.default\">\n\t\t\t\t\t\t\t<div class=\"elementor-divider\">\n\t\t\t<span class=\"elementor-divider-separator\">\n\t\t\t\t\t\t<\/span>\n\t\t<\/div>\n\t\t\t\t\t\t<\/div>\n\t\t\t\t\t<\/div>\n\t\t\t\t<\/div>\n\t\t\t\t<\/div>\n\t\t","protected":false},"excerpt":{"rendered":"<p>O nas &#8211; Filterek.pl W Filterek.pl oferujemy sprawdzone systemy filtracji wody do u\u017cytku domowego. Skupiamy si\u0119 na rozwi\u0105zaniach, kt\u00f3re realnie poprawiaj\u0105 jako\u015b\u0107 wody i s\u0105 wygodne w codziennym u\u017cytkowaniu. Naszym celem jest dostarczenie prostego i skutecznego rozwi\u0105zania, kt\u00f3re pozwala korzysta\u0107 z czystej i smacznej wody prosto z kranu &#8211; bez konieczno\u015bci kupowania wody butelkowanej. Nasze [&hellip;]<\/p>\n","protected":false},"author":1,"featured_media":0,"parent":0,"menu_order":0,"comment_status":"closed","ping_status":"closed","template":"","meta":{"footnotes":""},"class_list":["post-592","page","type-page","status-publish","hentry"],"_links":{"self":[{"href":"https:\/\/filterek.pl\/index.php\/wp-json\/wp\/v2\/pages\/592","targetHints":{"allow":["GET"]}}],"collection":[{"href":"https:\/\/filterek.pl\/index.php\/wp-json\/wp\/v2\/pages"}],"about":[{"href":"https:\/\/filterek.pl\/index.php\/wp-json\/wp\/v2\/types\/page"}],"author":[{"embeddable":true,"href":"https:\/\/filterek.pl\/index.php\/wp-json\/wp\/v2\/users\/1"}],"replies":[{"embeddable":true,"href":"https:\/\/filterek.pl\/index.php\/wp-json\/wp\/v2\/comments?post=592"}],"version-history":[{"count":10,"href":"https:\/\/filterek.pl\/index.php\/wp-json\/wp\/v2\/pages\/592\/revisions"}],"predecessor-version":[{"id":734,"href":"https:\/\/filterek.pl\/index.php\/wp-json\/wp\/v2\/pages\/592\/revisions\/734"}],"wp:attachment":[{"href":"https:\/\/filterek.pl\/index.php\/wp-json\/wp\/v2\/media?parent=592"}],"curies":[{"name":"wp","href":"https:\/\/api.w.org\/{rel}","templated":true}]}}