{"id":695,"date":"2026-04-08T12:45:13","date_gmt":"2026-04-08T10:45:13","guid":{"rendered":"https:\/\/filterek.pl\/?page_id=695"},"modified":"2026-04-11T13:40:24","modified_gmt":"2026-04-11T11:40:24","slug":"proces-filtracji-wody-jak-dziala-odwrocona-osmoza-ro","status":"publish","type":"page","link":"https:\/\/filterek.pl\/index.php\/proces-filtracji-wody-jak-dziala-odwrocona-osmoza-ro\/","title":{"rendered":"Proces filtracji wody &#8211; jak dzia\u0142a odwr\u00f3cona osmoza (RO)?"},"content":{"rendered":"\t\t<div data-elementor-type=\"wp-page\" data-elementor-id=\"695\" class=\"elementor elementor-695\" data-elementor-post-type=\"page\">\n\t\t\t\t<div class=\"elementor-element elementor-element-c94b001 e-flex e-con-boxed e-con e-parent\" data-id=\"c94b001\" data-element_type=\"container\" data-settings=\"{&quot;background_background&quot;:&quot;classic&quot;}\">\n\t\t\t\t\t<div class=\"e-con-inner\">\n\t\t<div class=\"elementor-element elementor-element-accf9f3 e-con-full e-flex e-con e-child\" data-id=\"accf9f3\" data-element_type=\"container\">\n\t\t\t\t<div class=\"elementor-element elementor-element-ade2f0a elementor-widget elementor-widget-woocommerce-breadcrumb\" data-id=\"ade2f0a\" data-element_type=\"widget\" data-widget_type=\"woocommerce-breadcrumb.default\">\n\t\t\t\t\t<nav class=\"woocommerce-breadcrumb\" aria-label=\"Breadcrumb\">Strona g\u0142\u00f3wna<\/nav>\t\t\t\t<\/div>\n\t\t\t\t<\/div>\n\t\t\t\t\t<\/div>\n\t\t\t\t<\/div>\n\t\t<div class=\"elementor-element elementor-element-42bd283 e-flex e-con-boxed e-con e-parent\" data-id=\"42bd283\" data-element_type=\"container\">\n\t\t\t\t\t<div class=\"e-con-inner\">\n\t\t\t\t<div class=\"elementor-element elementor-element-8d97fc8 elementor-widget-divider--view-line elementor-widget elementor-widget-divider\" data-id=\"8d97fc8\" data-element_type=\"widget\" data-widget_type=\"divider.default\">\n\t\t\t\t\t\t\t<div class=\"elementor-divider\">\n\t\t\t<span class=\"elementor-divider-separator\">\n\t\t\t\t\t\t<\/span>\n\t\t<\/div>\n\t\t\t\t\t\t<\/div>\n\t\t\t\t\t<\/div>\n\t\t\t\t<\/div>\n\t\t<div class=\"elementor-element elementor-element-f4bfa86 e-flex e-con-boxed e-con e-parent\" data-id=\"f4bfa86\" data-element_type=\"container\">\n\t\t\t\t\t<div class=\"e-con-inner\">\n\t\t\t\t<div class=\"elementor-element elementor-element-2a69c8a elementor-widget elementor-widget-heading\" data-id=\"2a69c8a\" data-element_type=\"widget\" data-widget_type=\"heading.default\">\n\t\t\t\t\t<h1 class=\"elementor-heading-title elementor-size-default\">Proces filtracji wody \u2013 jak dzia\u0142a odwr\u00f3cona osmoza (RO)?<\/h1>\t\t\t\t<\/div>\n\t\t\t\t\t<\/div>\n\t\t\t\t<\/div>\n\t\t<div class=\"elementor-element elementor-element-bf5ed92 e-flex e-con-boxed e-con e-parent\" data-id=\"bf5ed92\" data-element_type=\"container\">\n\t\t\t\t\t<div class=\"e-con-inner\">\n\t\t\t\t<div class=\"elementor-element elementor-element-1ac5a2b elementor-widget elementor-widget-text-editor\" data-id=\"1ac5a2b\" data-element_type=\"widget\" data-widget_type=\"text-editor.default\">\n\t\t\t\t\t\t\t\t\t<p><strong>Odwr\u00f3cona osmoza (RO)<\/strong>\u00a0to jedna z najskuteczniejszych metod oczyszczania wody dost\u0119pnych do u\u017cytku domowego. Systemy filtracji oparte na tej technologii pozwalaj\u0105 usun\u0105\u0107 nawet do 99% zanieczyszcze\u0144, poprawiaj\u0105c smak, zapach oraz bezpiecze\u0144stwo wody pitnej.<\/p><p data-start=\"494\" data-end=\"530\">W tym artykule wyja\u015bniamy dok\u0142adnie:<\/p><ul data-start=\"531\" data-end=\"673\"><li data-section-id=\"1020ln8\" data-start=\"531\" data-end=\"564\">dlaczego warto filtrowa\u0107 wod\u0119<\/li><li data-section-id=\"ksetvm\" data-start=\"565\" data-end=\"601\">co znajduje si\u0119 w wodzie z kranu<\/li><li data-section-id=\"1i8r6p4\" data-start=\"602\" data-end=\"641\">jak dzia\u0142a proces odwr\u00f3conej osmozy<\/li><li data-section-id=\"1it1nua\" data-start=\"642\" data-end=\"673\">jakie s\u0105 etapy filtracji RO.<\/li><\/ul>\t\t\t\t\t\t\t\t<\/div>\n\t\t\t\t\t<\/div>\n\t\t\t\t<\/div>\n\t\t<div class=\"elementor-element elementor-element-23dfce3 e-flex e-con-boxed e-con e-parent\" data-id=\"23dfce3\" data-element_type=\"container\">\n\t\t\t\t\t<div class=\"e-con-inner\">\n\t\t\t\t<div class=\"elementor-element elementor-element-2c4046a elementor-widget-divider--view-line elementor-widget elementor-widget-divider\" data-id=\"2c4046a\" data-element_type=\"widget\" data-widget_type=\"divider.default\">\n\t\t\t\t\t\t\t<div class=\"elementor-divider\">\n\t\t\t<span class=\"elementor-divider-separator\">\n\t\t\t\t\t\t<\/span>\n\t\t<\/div>\n\t\t\t\t\t\t<\/div>\n\t\t\t\t\t<\/div>\n\t\t\t\t<\/div>\n\t\t<div class=\"elementor-element elementor-element-f75d7d6 e-flex e-con-boxed e-con e-parent\" data-id=\"f75d7d6\" data-element_type=\"container\">\n\t\t\t\t\t<div class=\"e-con-inner\">\n\t\t\t\t<div class=\"elementor-element elementor-element-b6997a5 elementor-widget elementor-widget-heading\" data-id=\"b6997a5\" data-element_type=\"widget\" data-widget_type=\"heading.default\">\n\t\t\t\t\t<h2 class=\"elementor-heading-title elementor-size-default\">Dlaczego warto filtrowa\u0107 wod\u0119?<\/h2>\t\t\t\t<\/div>\n\t\t\t\t\t<\/div>\n\t\t\t\t<\/div>\n\t\t<div class=\"elementor-element elementor-element-f25cecc e-flex e-con-boxed e-con e-parent\" data-id=\"f25cecc\" data-element_type=\"container\">\n\t\t\t\t\t<div class=\"e-con-inner\">\n\t\t\t\t<div class=\"elementor-element elementor-element-e3d4e34 elementor-widget elementor-widget-text-editor\" data-id=\"e3d4e34\" data-element_type=\"widget\" data-widget_type=\"text-editor.default\">\n\t\t\t\t\t\t\t\t\t<p data-start=\"718\" data-end=\"923\">Woda z kranu w Polsce zazwyczaj spe\u0142nia normy jako\u015bci, jednak nie oznacza to, \u017ce jest idealna do codziennego spo\u017cycia. W trakcie transportu przez instalacje wodoci\u0105gowe mo\u017ce ulec wt\u00f3rnemu zanieczyszczeniu.<\/p><p data-start=\"925\" data-end=\"946\">Najcz\u0119stsze problemy:<\/p><ul data-start=\"948\" data-end=\"1089\"><li data-section-id=\"1ks0d6j\" data-start=\"948\" data-end=\"984\">pogorszony smak i zapach (chlor)<\/li><li data-section-id=\"40ucgq\" data-start=\"985\" data-end=\"1014\">osady w czajniku (kamie\u0144)<\/li><li data-section-id=\"9lyn1p\" data-start=\"1015\" data-end=\"1041\">zanieczyszczenia z rur<\/li><li data-section-id=\"yv5kow\" data-start=\"1042\" data-end=\"1070\">obecno\u015b\u0107 metali ci\u0119\u017ckich<\/li><li data-section-id=\"1115fe0\" data-start=\"1071\" data-end=\"1089\">mikroorganizmy<\/li><\/ul><div>\u00a0<\/div><p data-start=\"1091\" data-end=\"1195\">Regularne picie takiej wody mo\u017ce wp\u0142ywa\u0107 na komfort \u017cycia, a w d\u0142u\u017cszej perspektywie r\u00f3wnie\u017c na zdrowie.\u00a0<strong style=\"font-size: 1rem;\" data-start=\"1200\" data-end=\"1263\">Filtry odwr\u00f3cona osmoza rozwi\u0105zuj\u0105 te problemy kompleksowo.<\/strong><\/p>\t\t\t\t\t\t\t\t<\/div>\n\t\t\t\t\t<\/div>\n\t\t\t\t<\/div>\n\t\t<div class=\"elementor-element elementor-element-f9649fc e-flex e-con-boxed e-con e-parent\" data-id=\"f9649fc\" data-element_type=\"container\">\n\t\t\t\t\t<div class=\"e-con-inner\">\n\t\t\t\t<div class=\"elementor-element elementor-element-a731f79 elementor-widget-divider--view-line elementor-widget elementor-widget-divider\" data-id=\"a731f79\" data-element_type=\"widget\" data-widget_type=\"divider.default\">\n\t\t\t\t\t\t\t<div class=\"elementor-divider\">\n\t\t\t<span class=\"elementor-divider-separator\">\n\t\t\t\t\t\t<\/span>\n\t\t<\/div>\n\t\t\t\t\t\t<\/div>\n\t\t\t\t\t<\/div>\n\t\t\t\t<\/div>\n\t\t<div class=\"elementor-element elementor-element-30f21c2 e-flex e-con-boxed e-con e-parent\" data-id=\"30f21c2\" data-element_type=\"container\">\n\t\t\t\t\t<div class=\"e-con-inner\">\n\t\t\t\t<div class=\"elementor-element elementor-element-ba611e5 elementor-widget elementor-widget-heading\" data-id=\"ba611e5\" data-element_type=\"widget\" data-widget_type=\"heading.default\">\n\t\t\t\t\t<h2 class=\"elementor-heading-title elementor-size-default\">Co znajduje si\u0119 w wodzie z kranu?<\/h2>\t\t\t\t<\/div>\n\t\t\t\t\t<\/div>\n\t\t\t\t<\/div>\n\t\t<div class=\"elementor-element elementor-element-b695417 e-flex e-con-boxed e-con e-parent\" data-id=\"b695417\" data-element_type=\"container\">\n\t\t\t\t\t<div class=\"e-con-inner\">\n\t\t\t\t<div class=\"elementor-element elementor-element-c681e5d elementor-widget elementor-widget-image\" data-id=\"c681e5d\" data-element_type=\"widget\" data-widget_type=\"image.default\">\n\t\t\t\t\t\t\t\t\t\t\t\t\t\t\t<img fetchpriority=\"high\" decoding=\"async\" width=\"800\" height=\"400\" src=\"https:\/\/filterek.pl\/wp-content\/uploads\/2026\/04\/baner-woda-sklad-1024x512.webp\" class=\"attachment-large size-large wp-image-691\" alt=\"sklad wody baner\" srcset=\"https:\/\/filterek.pl\/wp-content\/uploads\/2026\/04\/baner-woda-sklad-1024x512.webp 1024w, https:\/\/filterek.pl\/wp-content\/uploads\/2026\/04\/baner-woda-sklad-300x150.webp 300w, https:\/\/filterek.pl\/wp-content\/uploads\/2026\/04\/baner-woda-sklad-768x384.webp 768w, https:\/\/filterek.pl\/wp-content\/uploads\/2026\/04\/baner-woda-sklad-600x300.webp 600w, https:\/\/filterek.pl\/wp-content\/uploads\/2026\/04\/baner-woda-sklad.webp 1200w\" sizes=\"(max-width: 800px) 100vw, 800px\" \/>\t\t\t\t\t\t\t\t\t\t\t\t\t\t\t<\/div>\n\t\t\t\t\t<\/div>\n\t\t\t\t<\/div>\n\t\t<div class=\"elementor-element elementor-element-c4615f9 e-flex e-con-boxed e-con e-parent\" data-id=\"c4615f9\" data-element_type=\"container\">\n\t\t\t\t\t<div class=\"e-con-inner\">\n\t\t\t\t<div class=\"elementor-element elementor-element-e616082 elementor-widget elementor-widget-text-editor\" data-id=\"e616082\" data-element_type=\"widget\" data-widget_type=\"text-editor.default\">\n\t\t\t\t\t\t\t\t\t<p data-start=\"1311\" data-end=\"1384\">Cho\u0107 woda wygl\u0105da na czyst\u0105, cz\u0119sto zawiera niewidoczne zanieczyszczenia:<\/p><ul data-start=\"1386\" data-end=\"1655\"><li data-section-id=\"1hk305t\" data-start=\"1386\" data-end=\"1431\"><strong data-start=\"1388\" data-end=\"1401\">zawiesiny<\/strong> &#8211; rdza, piasek, osady z rur<\/li><li data-section-id=\"1hbme2o\" data-start=\"1432\" data-end=\"1487\"><strong data-start=\"1434\" data-end=\"1443\">chlor<\/strong> &#8211; stosowany do dezynfekcji, pogarsza smak<\/li><li data-section-id=\"1vl9a60\" data-start=\"1488\" data-end=\"1534\"><strong data-start=\"1490\" data-end=\"1515\">kamie\u0144 (wap\u0144, magnez)<\/strong> &#8211; powoduje osady<\/li><li data-section-id=\"1tzl5kl\" data-start=\"1535\" data-end=\"1576\"><strong data-start=\"1537\" data-end=\"1555\">metale ci\u0119\u017ckie<\/strong> &#8211; o\u0142\u00f3w, rt\u0119\u0107, kadm<\/li><li data-section-id=\"9mf1qk\" data-start=\"1577\" data-end=\"1623\"><strong data-start=\"1579\" data-end=\"1600\">zwi\u0105zki chemiczne<\/strong> &#8211; azotany, pestycydy<\/li><li data-section-id=\"1439wme\" data-start=\"1624\" data-end=\"1655\"><strong data-start=\"1626\" data-end=\"1655\">bakterie i mikroorganizmy<\/strong><\/li><\/ul><div><b>\u00a0<\/b><\/div><p data-start=\"1657\" data-end=\"1771\">W\u0142a\u015bnie dlatego <strong data-start=\"1676\" data-end=\"1696\">odwr\u00f3cona osmoza<\/strong> jest tak skuteczna &#8211; usuwa zar\u00f3wno widoczne, jak i niewidoczne zagro\u017cenia.<\/p>\t\t\t\t\t\t\t\t<\/div>\n\t\t\t\t\t<\/div>\n\t\t\t\t<\/div>\n\t\t<div class=\"elementor-element elementor-element-ff1a9e1 e-flex e-con-boxed e-con e-parent\" data-id=\"ff1a9e1\" data-element_type=\"container\">\n\t\t\t\t\t<div class=\"e-con-inner\">\n\t\t\t\t<div class=\"elementor-element elementor-element-82e2b5f elementor-widget-divider--view-line elementor-widget elementor-widget-divider\" data-id=\"82e2b5f\" data-element_type=\"widget\" data-widget_type=\"divider.default\">\n\t\t\t\t\t\t\t<div class=\"elementor-divider\">\n\t\t\t<span class=\"elementor-divider-separator\">\n\t\t\t\t\t\t<\/span>\n\t\t<\/div>\n\t\t\t\t\t\t<\/div>\n\t\t\t\t\t<\/div>\n\t\t\t\t<\/div>\n\t\t<div class=\"elementor-element elementor-element-bcf11f2 e-flex e-con-boxed e-con e-parent\" data-id=\"bcf11f2\" data-element_type=\"container\">\n\t\t\t\t\t<div class=\"e-con-inner\">\n\t\t\t\t<div class=\"elementor-element elementor-element-a67ba1c elementor-widget elementor-widget-heading\" data-id=\"a67ba1c\" data-element_type=\"widget\" data-widget_type=\"heading.default\">\n\t\t\t\t\t<h2 class=\"elementor-heading-title elementor-size-default\">Czym jest odwr\u00f3cona osmoza (RO)? Jak dzia\u0142a system RO?<\/h2>\t\t\t\t<\/div>\n\t\t\t\t\t<\/div>\n\t\t\t\t<\/div>\n\t\t<div class=\"elementor-element elementor-element-6852279 e-flex e-con-boxed e-con e-parent\" data-id=\"6852279\" data-element_type=\"container\">\n\t\t\t\t\t<div class=\"e-con-inner\">\n\t\t\t\t<div class=\"elementor-element elementor-element-b3835c1 elementor-widget elementor-widget-text-editor\" data-id=\"b3835c1\" data-element_type=\"widget\" data-widget_type=\"text-editor.default\">\n\t\t\t\t\t\t\t\t\t<p data-start=\"1818\" data-end=\"1926\">Odwr\u00f3cona osmoza to proces filtracji wody polegaj\u0105cy na przepuszczeniu jej przez p\u00f3\u0142przepuszczaln\u0105 membran\u0119. Membrana RO zatrzymuje zanieczyszczenia i przepuszcza tylko cz\u0105steczki wody.<\/p><p data-start=\"2120\" data-end=\"2216\">System filtracji RO dzia\u0142a wieloetapowo. Ka\u017cdy etap odpowiada za usuwanie innych zanieczyszcze\u0144. Woda przechodzi przez kolejne filtry, a\u017c osi\u0105gnie najwy\u017cszy poziom czysto\u015bci.\u00a0<\/p>\t\t\t\t\t\t\t\t<\/div>\n\t\t\t\t\t<\/div>\n\t\t\t\t<\/div>\n\t\t<div class=\"elementor-element elementor-element-dd23f31 e-flex e-con-boxed e-con e-parent\" data-id=\"dd23f31\" data-element_type=\"container\">\n\t\t\t\t\t<div class=\"e-con-inner\">\n\t\t\t\t<div class=\"elementor-element elementor-element-68979b4 elementor-widget-divider--view-line elementor-widget elementor-widget-divider\" data-id=\"68979b4\" data-element_type=\"widget\" data-widget_type=\"divider.default\">\n\t\t\t\t\t\t\t<div class=\"elementor-divider\">\n\t\t\t<span class=\"elementor-divider-separator\">\n\t\t\t\t\t\t<\/span>\n\t\t<\/div>\n\t\t\t\t\t\t<\/div>\n\t\t\t\t\t<\/div>\n\t\t\t\t<\/div>\n\t\t<div class=\"elementor-element elementor-element-ee1c541 e-flex e-con-boxed e-con e-parent\" data-id=\"ee1c541\" data-element_type=\"container\">\n\t\t\t\t\t<div class=\"e-con-inner\">\n\t\t\t\t<div class=\"elementor-element elementor-element-06669eb elementor-widget elementor-widget-heading\" data-id=\"06669eb\" data-element_type=\"widget\" data-widget_type=\"heading.default\">\n\t\t\t\t\t<h2 class=\"elementor-heading-title elementor-size-default\">Etapy filtracji RO - 5 stopni oczyszczania<\/h2>\t\t\t\t<\/div>\n\t\t\t\t\t<\/div>\n\t\t\t\t<\/div>\n\t\t<div class=\"elementor-element elementor-element-89e81a4 e-flex e-con-boxed e-con e-parent\" data-id=\"89e81a4\" data-element_type=\"container\">\n\t\t\t\t\t<div class=\"e-con-inner\">\n\t\t\t\t<div class=\"elementor-element elementor-element-68ae8cc elementor-widget elementor-widget-text-editor\" data-id=\"68ae8cc\" data-element_type=\"widget\" data-widget_type=\"text-editor.default\">\n\t\t\t\t\t\t\t\t\t<h4 data-section-id=\"r3w0dx\" data-start=\"2352\" data-end=\"2402\"><span role=\"text\">Etap 1 &#8211; filtr wst\u0119pny PP (polipropylenowy)<\/span><\/h4><p data-start=\"2404\" data-end=\"2453\">Pierwszy etap odpowiada za filtracj\u0119 mechaniczn\u0105. <br \/>Usuwa:<\/p><ul data-start=\"2462\" data-end=\"2524\"><li data-section-id=\"15tcxyl\" data-start=\"2462\" data-end=\"2472\">piasek<\/li><li data-section-id=\"1mltzh9\" data-start=\"2473\" data-end=\"2481\">rdz\u0119<\/li><li data-section-id=\"165mvv6\" data-start=\"2482\" data-end=\"2489\">mu\u0142<\/li><li data-section-id=\"1hobm49\" data-start=\"2490\" data-end=\"2524\">wi\u0119ksze cz\u0105stki zanieczyszcze\u0144<\/li><\/ul><div>\u00a0<\/div><p data-start=\"2526\" data-end=\"2592\">\u00a0Chroni kolejne filtry przed zapchaniem i wyd\u0142u\u017ca ich \u017cywotno\u015b\u0107.<\/p>\t\t\t\t\t\t\t\t<\/div>\n\t\t\t\t\t<\/div>\n\t\t\t\t<\/div>\n\t\t<div class=\"elementor-element elementor-element-98b49c8 e-flex e-con-boxed e-con e-parent\" data-id=\"98b49c8\" data-element_type=\"container\">\n\t\t\t\t\t<div class=\"e-con-inner\">\n\t\t\t\t<div class=\"elementor-element elementor-element-e08da90 elementor-widget elementor-widget-text-editor\" data-id=\"e08da90\" data-element_type=\"widget\" data-widget_type=\"text-editor.default\">\n\t\t\t\t\t\t\t\t\t<h4 data-section-id=\"1lw49nw\" data-start=\"2599\" data-end=\"2646\"><span role=\"text\">Etap 2 &#8211; filtr w\u0119glowy GAC (granulowany)<\/span><\/h4><p data-start=\"2648\" data-end=\"2687\">Drugi etap wykorzystuje w\u0119giel aktywny.<br \/>Usuwa:<\/p><ul data-start=\"2696\" data-end=\"2759\"><li data-section-id=\"2nqp0y\" data-start=\"2696\" data-end=\"2705\">chlor<\/li><li data-section-id=\"1lf4jen\" data-start=\"2706\" data-end=\"2728\">zwi\u0105zki organiczne<\/li><li data-section-id=\"rvxxaa\" data-start=\"2729\" data-end=\"2759\">nieprzyjemny smak i zapach<\/li><\/ul><div>\u00a0<\/div><p data-start=\"2761\" data-end=\"2824\">Poprawia jako\u015b\u0107 wody i przygotowuje j\u0105 do dalszej filtracji.<\/p>\t\t\t\t\t\t\t\t<\/div>\n\t\t\t\t\t<\/div>\n\t\t\t\t<\/div>\n\t\t<div class=\"elementor-element elementor-element-31ebc64 e-flex e-con-boxed e-con e-parent\" data-id=\"31ebc64\" data-element_type=\"container\">\n\t\t\t\t\t<div class=\"e-con-inner\">\n\t\t\t\t<div class=\"elementor-element elementor-element-5933e9c elementor-widget elementor-widget-text-editor\" data-id=\"5933e9c\" data-element_type=\"widget\" data-widget_type=\"text-editor.default\">\n\t\t\t\t\t\t\t\t\t<h4 data-section-id=\"11849yu\" data-start=\"2831\" data-end=\"2874\"><span role=\"text\">Etap 3 &#8211; filtr w\u0119glowy CTO (blokowy)<\/span><\/h4><p data-start=\"2876\" data-end=\"2911\">To dok\u0142adniejsza filtracja w\u0119glowa.<\/p><p data-start=\"2913\" data-end=\"2919\">Usuwa:<\/p><ul data-start=\"2920\" data-end=\"2993\"><li data-section-id=\"1q99htj\" data-start=\"2920\" data-end=\"2943\">pozosta\u0142o\u015bci chloru<\/li><li data-section-id=\"6gdpw2\" data-start=\"2944\" data-end=\"2971\">drobne zanieczyszczenia<\/li><li data-section-id=\"nevhm1\" data-start=\"2972\" data-end=\"2993\">cz\u0105stki chemiczne<\/li><\/ul><p data-start=\"2995\" data-end=\"3038\">Zapewnia maksymaln\u0105 ochron\u0119 membrany RO.<\/p>\t\t\t\t\t\t\t\t<\/div>\n\t\t\t\t\t<\/div>\n\t\t\t\t<\/div>\n\t\t<div class=\"elementor-element elementor-element-b354e37 e-flex e-con-boxed e-con e-parent\" data-id=\"b354e37\" data-element_type=\"container\">\n\t\t\t\t\t<div class=\"e-con-inner\">\n\t\t\t\t<div class=\"elementor-element elementor-element-6a5b88b elementor-widget elementor-widget-text-editor\" data-id=\"6a5b88b\" data-element_type=\"widget\" data-widget_type=\"text-editor.default\">\n\t\t\t\t\t\t\t\t\t<h4 data-section-id=\"unl7u0\" data-start=\"3045\" data-end=\"3092\"><span role=\"text\">Etap 4 &#8211; membrana odwr\u00f3conej osmozy (RO)<\/span><\/h4><p data-start=\"3094\" data-end=\"3128\">Najwa\u017cniejszy etap ca\u0142ego procesu.<br \/>Usuwa:<\/p><ul data-start=\"3137\" data-end=\"3226\"><li data-section-id=\"1301m5w\" data-start=\"3137\" data-end=\"3155\">metale ci\u0119\u017ckie<\/li><li data-section-id=\"cv0r05\" data-start=\"3156\" data-end=\"3177\">bakterie i wirusy<\/li><li data-section-id=\"xxgfva\" data-start=\"3178\" data-end=\"3209\">azotany i zwi\u0105zki chemiczne<\/li><li data-section-id=\"1ypexj6\" data-start=\"3210\" data-end=\"3226\">mikroplastik<\/li><\/ul><p data-start=\"3228\" data-end=\"3275\">Skuteczno\u015b\u0107: nawet do <strong data-start=\"3253\" data-end=\"3275\">99% zanieczyszcze\u0144<\/strong><\/p><p data-start=\"3277\" data-end=\"3333\">To w\u0142a\u015bnie tutaj zachodzi w\u0142a\u015bciwa <strong data-start=\"3312\" data-end=\"3332\">odwr\u00f3cona osmoza<\/strong>.<\/p>\t\t\t\t\t\t\t\t<\/div>\n\t\t\t\t\t<\/div>\n\t\t\t\t<\/div>\n\t\t<div class=\"elementor-element elementor-element-4124e30 e-flex e-con-boxed e-con e-parent\" data-id=\"4124e30\" data-element_type=\"container\">\n\t\t\t\t\t<div class=\"e-con-inner\">\n\t\t\t\t<div class=\"elementor-element elementor-element-71b66fa elementor-widget elementor-widget-text-editor\" data-id=\"71b66fa\" data-element_type=\"widget\" data-widget_type=\"text-editor.default\">\n\t\t\t\t\t\t\t\t\t<h4 data-section-id=\"b24sol\" data-start=\"3340\" data-end=\"3383\"><span role=\"text\">Etap 5 &#8211; filtr ko\u0144cowy T33 (w\u0119glowy)<\/span><\/h4><p data-start=\"3385\" data-end=\"3435\">Ostatni etap poprawia jako\u015b\u0107 wody przed spo\u017cyciem.<\/p><p data-start=\"3437\" data-end=\"3447\">Dzia\u0142a na:<\/p><ul data-start=\"3448\" data-end=\"3485\"><li data-section-id=\"1lvo3ss\" data-start=\"3448\" data-end=\"3456\">smak<\/li><li data-section-id=\"1my8dc9\" data-start=\"3457\" data-end=\"3467\">zapach<\/li><li data-section-id=\"yvg2v6\" data-start=\"3468\" data-end=\"3485\">\u015bwie\u017co\u015b\u0107 wody<\/li><\/ul><div>\u00a0<\/div><p data-start=\"3487\" data-end=\"3531\">Dzi\u0119ki temu woda jest przyjemna do picia.<\/p>\t\t\t\t\t\t\t\t<\/div>\n\t\t\t\t\t<\/div>\n\t\t\t\t<\/div>\n\t\t<div class=\"elementor-element elementor-element-6aade07 e-flex e-con-boxed e-con e-parent\" data-id=\"6aade07\" data-element_type=\"container\">\n\t\t\t\t\t<div class=\"e-con-inner\">\n\t\t\t\t<div class=\"elementor-element elementor-element-901e6f6 elementor-widget elementor-widget-text-editor\" data-id=\"901e6f6\" data-element_type=\"widget\" data-widget_type=\"text-editor.default\">\n\t\t\t\t\t\t\t\t\t<h4 data-section-id=\"14yqjij\" data-start=\"3538\" data-end=\"3584\"><span role=\"text\">Efekt ko\u0144cowy &#8211; czysta i bezpieczna woda<\/span><\/h4><p data-start=\"3586\" data-end=\"3651\">Po przej\u015bciu przez wszystkie etapy filtracji RO otrzymujesz wod\u0119:<\/p><ul data-start=\"3653\" data-end=\"3737\"><li data-section-id=\"1o981ay\" data-start=\"3653\" data-end=\"3667\">bez chloru<\/li><li data-section-id=\"147xp63\" data-start=\"3668\" data-end=\"3691\">bez metali ci\u0119\u017ckich<\/li><li data-section-id=\"1njtnfi\" data-start=\"3692\" data-end=\"3708\">bez bakterii<\/li><li data-section-id=\"1l2ggja\" data-start=\"3709\" data-end=\"3737\">bez nieprzyjemnego smaku<\/li><\/ul><div>\u00a0<\/div><p data-start=\"3739\" data-end=\"3790\">idealn\u0105 do picia, gotowania i codziennego u\u017cytku<\/p>\t\t\t\t\t\t\t\t<\/div>\n\t\t\t\t\t<\/div>\n\t\t\t\t<\/div>\n\t\t<div class=\"elementor-element elementor-element-d9f0f93 e-flex e-con-boxed e-con e-parent\" data-id=\"d9f0f93\" data-element_type=\"container\">\n\t\t\t\t\t<div class=\"e-con-inner\">\n\t\t\t\t<div class=\"elementor-element elementor-element-15c6ea4 elementor-widget-divider--view-line elementor-widget elementor-widget-divider\" data-id=\"15c6ea4\" data-element_type=\"widget\" data-widget_type=\"divider.default\">\n\t\t\t\t\t\t\t<div class=\"elementor-divider\">\n\t\t\t<span class=\"elementor-divider-separator\">\n\t\t\t\t\t\t<\/span>\n\t\t<\/div>\n\t\t\t\t\t\t<\/div>\n\t\t\t\t\t<\/div>\n\t\t\t\t<\/div>\n\t\t<div class=\"elementor-element elementor-element-5318965 e-flex e-con-boxed e-con e-parent\" data-id=\"5318965\" data-element_type=\"container\">\n\t\t\t\t\t<div class=\"e-con-inner\">\n\t\t\t\t<div class=\"elementor-element elementor-element-dbfbf6b elementor-widget elementor-widget-text-editor\" data-id=\"dbfbf6b\" data-element_type=\"widget\" data-widget_type=\"text-editor.default\">\n\t\t\t\t\t\t\t\t\t<h5 data-section-id=\"cgv3u2\" data-start=\"3797\" data-end=\"3857\"><span role=\"text\"><strong data-start=\"3799\" data-end=\"3857\">Filtry odwr\u00f3cona osmoza &#8211; dlaczego to najlepszy wyb\u00f3r?<\/strong><\/span><\/h5><p data-start=\"3859\" data-end=\"3885\">Systemy RO wyr\u00f3\u017cniaj\u0105 si\u0119 wysok\u0105 skuteczno\u015bci\u0105, kompleksow\u0105 filtracj\u0105, prostot\u0105 u\u017cytkowania i d\u0142ug\u0105 \u017cywotno\u015bci\u0105.<\/p><p data-start=\"3986\" data-end=\"3996\">Dodatkowo eliminujesz potrzeb\u0119 kupowania wody butelkowanej, oszcz\u0119dzasz pieni\u0105dze i ograniczasz plastik.<\/p>\t\t\t\t\t\t\t\t<\/div>\n\t\t\t\t\t<\/div>\n\t\t\t\t<\/div>\n\t\t<div class=\"elementor-element elementor-element-2349b40 e-flex e-con-boxed e-con e-parent\" data-id=\"2349b40\" data-element_type=\"container\">\n\t\t\t\t\t<div class=\"e-con-inner\">\n\t\t\t\t<div class=\"elementor-element elementor-element-9539e4b elementor-widget elementor-widget-text-editor\" data-id=\"9539e4b\" data-element_type=\"widget\" data-widget_type=\"text-editor.default\">\n\t\t\t\t\t\t\t\t\t<h5 data-section-id=\"cgv3u2\" data-start=\"3797\" data-end=\"3857\"><strong>Czy warto stosowa\u0107 odwr\u00f3con\u0105 osmoz\u0119 w domu?<\/strong><\/h5><p data-start=\"4161\" data-end=\"4178\">Zdecydowanie tak. Odwr\u00f3cona osmoza to rozwi\u0105zanie dla os\u00f3b, kt\u00f3re chc\u0105 mie\u0107 kontrol\u0119 nad jako\u015bci\u0105 wody, ceni\u0105 wygod\u0119, dbaj\u0105 o zdrowie. To inwestycja, kt\u00f3ra zwraca si\u0119 w codziennym u\u017cytkowaniu.<\/p><p data-start=\"4392\" data-end=\"4585\">Proces filtracji wody metod\u0105 odwr\u00f3conej osmozy to skuteczny spos\u00f3b na popraw\u0119 jako\u015bci wody w domu. Dzi\u0119ki 5-stopniowej filtracji usuwane s\u0105 zar\u00f3wno widoczne, jak i niewidoczne zanieczyszczenia.<\/p>\t\t\t\t\t\t\t\t<\/div>\n\t\t\t\t\t<\/div>\n\t\t\t\t<\/div>\n\t\t\t\t<\/div>\n\t\t","protected":false},"excerpt":{"rendered":"<p>Proces filtracji wody \u2013 jak dzia\u0142a odwr\u00f3cona osmoza (RO)? Odwr\u00f3cona osmoza (RO)\u00a0to jedna z najskuteczniejszych metod oczyszczania wody dost\u0119pnych do u\u017cytku domowego. Systemy filtracji oparte na tej technologii pozwalaj\u0105 usun\u0105\u0107 nawet do 99% zanieczyszcze\u0144, poprawiaj\u0105c smak, zapach oraz bezpiecze\u0144stwo wody pitnej. W tym artykule wyja\u015bniamy dok\u0142adnie: dlaczego warto filtrowa\u0107 wod\u0119 co znajduje si\u0119 w wodzie [&hellip;]<\/p>\n","protected":false},"author":1,"featured_media":0,"parent":0,"menu_order":0,"comment_status":"closed","ping_status":"closed","template":"","meta":{"footnotes":""},"class_list":["post-695","page","type-page","status-publish","hentry"],"_links":{"self":[{"href":"https:\/\/filterek.pl\/index.php\/wp-json\/wp\/v2\/pages\/695","targetHints":{"allow":["GET"]}}],"collection":[{"href":"https:\/\/filterek.pl\/index.php\/wp-json\/wp\/v2\/pages"}],"about":[{"href":"https:\/\/filterek.pl\/index.php\/wp-json\/wp\/v2\/types\/page"}],"author":[{"embeddable":true,"href":"https:\/\/filterek.pl\/index.php\/wp-json\/wp\/v2\/users\/1"}],"replies":[{"embeddable":true,"href":"https:\/\/filterek.pl\/index.php\/wp-json\/wp\/v2\/comments?post=695"}],"version-history":[{"count":30,"href":"https:\/\/filterek.pl\/index.php\/wp-json\/wp\/v2\/pages\/695\/revisions"}],"predecessor-version":[{"id":830,"href":"https:\/\/filterek.pl\/index.php\/wp-json\/wp\/v2\/pages\/695\/revisions\/830"}],"wp:attachment":[{"href":"https:\/\/filterek.pl\/index.php\/wp-json\/wp\/v2\/media?parent=695"}],"curies":[{"name":"wp","href":"https:\/\/api.w.org\/{rel}","templated":true}]}}