{"id":789,"date":"2026-04-10T12:57:57","date_gmt":"2026-04-10T10:57:57","guid":{"rendered":"https:\/\/filterek.pl\/?page_id=789"},"modified":"2026-04-11T13:36:51","modified_gmt":"2026-04-11T11:36:51","slug":"montaz-systemu","status":"publish","type":"page","link":"https:\/\/filterek.pl\/index.php\/montaz-systemu\/","title":{"rendered":"Monta\u017c systemu"},"content":{"rendered":"\t\t<div data-elementor-type=\"wp-page\" data-elementor-id=\"789\" class=\"elementor elementor-789\" data-elementor-post-type=\"page\">\n\t\t\t\t<div class=\"elementor-element elementor-element-fe3b028 e-flex e-con-boxed e-con e-parent\" data-id=\"fe3b028\" data-element_type=\"container\" data-settings=\"{&quot;background_background&quot;:&quot;classic&quot;}\">\n\t\t\t\t\t<div class=\"e-con-inner\">\n\t\t<div class=\"elementor-element elementor-element-4e5a2e1 e-con-full e-flex e-con e-child\" data-id=\"4e5a2e1\" data-element_type=\"container\">\n\t\t\t\t<div class=\"elementor-element elementor-element-456857a elementor-widget elementor-widget-woocommerce-breadcrumb\" data-id=\"456857a\" data-element_type=\"widget\" data-widget_type=\"woocommerce-breadcrumb.default\">\n\t\t\t\t\t<nav class=\"woocommerce-breadcrumb\" aria-label=\"Breadcrumb\">Strona g\u0142\u00f3wna<\/nav>\t\t\t\t<\/div>\n\t\t\t\t<\/div>\n\t\t\t\t\t<\/div>\n\t\t\t\t<\/div>\n\t\t<div class=\"elementor-element elementor-element-b2aaac2 e-grid e-con-boxed e-con e-parent\" data-id=\"b2aaac2\" data-element_type=\"container\">\n\t\t\t\t\t<div class=\"e-con-inner\">\n\t\t<div class=\"elementor-element elementor-element-814fc0d e-con-full e-flex e-con e-child\" data-id=\"814fc0d\" data-element_type=\"container\">\n\t\t\t\t<div class=\"elementor-element elementor-element-4f9f7c6 elementor-widget-divider--view-line elementor-widget elementor-widget-divider\" data-id=\"4f9f7c6\" data-element_type=\"widget\" data-widget_type=\"divider.default\">\n\t\t\t\t\t\t\t<div class=\"elementor-divider\">\n\t\t\t<span class=\"elementor-divider-separator\">\n\t\t\t\t\t\t<\/span>\n\t\t<\/div>\n\t\t\t\t\t\t<\/div>\n\t\t\t\t<\/div>\n\t\t\t\t<div class=\"elementor-element elementor-element-45393fd elementor-widget elementor-widget-heading\" data-id=\"45393fd\" data-element_type=\"widget\" data-widget_type=\"heading.default\">\n\t\t\t\t\t<h1 class=\"elementor-heading-title elementor-size-default\">Monta\u017c systemu - prosty spos\u00f3b instalacji niewymagaj\u0105cy specjalist\u00f3w.<\/h1>\t\t\t\t<\/div>\n\t\t\t\t\t<\/div>\n\t\t\t\t<\/div>\n\t\t<div class=\"elementor-element elementor-element-b921ff0 e-flex e-con-boxed e-con e-parent\" data-id=\"b921ff0\" data-element_type=\"container\">\n\t\t\t\t\t<div class=\"e-con-inner\">\n\t\t\t\t<div class=\"elementor-element elementor-element-15b2390 elementor-widget elementor-widget-text-editor\" data-id=\"15b2390\" data-element_type=\"widget\" data-widget_type=\"text-editor.default\">\n\t\t\t\t\t\t\t\t\t<p data-start=\"160\" data-end=\"296\">Nasze filtry RO zosta\u0142y zaprojektowane tak, aby\u00a0<strong data-start=\"208\" data-end=\"246\">ich monta\u017c by\u0142 \u0142atwy i intuicyjny<\/strong>, nawet dla os\u00f3b bez do\u015bwiadczenia technicznego.\u00a0<span style=\"font-size: 1rem;\">Do ka\u017cdego zestawu do\u0142\u0105czamy\u00a0<\/span><strong style=\"font-size: 1rem;\" data-start=\"327\" data-end=\"365\">czyteln\u0105 instrukcj\u0119 krok po kroku<\/strong><span style=\"font-size: 1rem;\">, kt\u00f3ra jasno pokazuje, jak poprawnie pod\u0142\u0105czy\u0107 wszystkie elementy.<\/span><\/p><p data-start=\"540\" data-end=\"680\"><img decoding=\"async\" class=\"emoji\" role=\"img\" draggable=\"false\" src=\"https:\/\/s.w.org\/images\/core\/emoji\/17.0.2\/svg\/2714.svg\" alt=\"\u2714\" \/>\u00a0czytelna instrukcja w\u00a0<strong>j\u0119zyku polskim<\/strong><br data-start=\"564\" data-end=\"567\" \/><img decoding=\"async\" class=\"emoji\" role=\"img\" draggable=\"false\" src=\"https:\/\/s.w.org\/images\/core\/emoji\/17.0.2\/svg\/2714.svg\" alt=\"\u2714\" \/>\u00a0etapy krok po kroku<br data-start=\"602\" data-end=\"605\" \/><img decoding=\"async\" class=\"emoji\" role=\"img\" draggable=\"false\" src=\"https:\/\/s.w.org\/images\/core\/emoji\/17.0.2\/svg\/2714.svg\" alt=\"\u2714\" \/>\u00a0monta\u017c bez specjalistycznych narz\u0119dzi<br data-start=\"644\" data-end=\"647\" \/><img decoding=\"async\" class=\"emoji\" role=\"img\" draggable=\"false\" src=\"https:\/\/s.w.org\/images\/core\/emoji\/17.0.2\/svg\/2714.svg\" alt=\"\u2714\" \/>\u00a0oszcz\u0119dno\u015b\u0107 czasu i pieni\u0119dzy<\/p><p data-start=\"682\" data-end=\"797\">Z naszymi filtrami RO\u00a0<strong data-start=\"704\" data-end=\"744\">samodzielny monta\u017c to kwestia chwili<\/strong>, a czysta woda jest dost\u0119pna praktycznie od razu po pod\u0142\u0105czeniu.<\/p>\t\t\t\t\t\t\t\t<\/div>\n\t\t\t\t\t<\/div>\n\t\t\t\t<\/div>\n\t\t\t\t<\/div>\n\t\t","protected":false},"excerpt":{"rendered":"<p>Monta\u017c systemu &#8211; prosty spos\u00f3b instalacji niewymagaj\u0105cy specjalist\u00f3w. Nasze filtry RO zosta\u0142y zaprojektowane tak, aby\u00a0ich monta\u017c by\u0142 \u0142atwy i intuicyjny, nawet dla os\u00f3b bez do\u015bwiadczenia technicznego.\u00a0Do ka\u017cdego zestawu do\u0142\u0105czamy\u00a0czyteln\u0105 instrukcj\u0119 krok po kroku, kt\u00f3ra jasno pokazuje, jak poprawnie pod\u0142\u0105czy\u0107 wszystkie elementy. \u00a0czytelna instrukcja w\u00a0j\u0119zyku polskim\u00a0etapy krok po kroku\u00a0monta\u017c bez specjalistycznych narz\u0119dzi\u00a0oszcz\u0119dno\u015b\u0107 czasu i pieni\u0119dzy Z [&hellip;]<\/p>\n","protected":false},"author":1,"featured_media":0,"parent":0,"menu_order":0,"comment_status":"closed","ping_status":"closed","template":"","meta":{"footnotes":""},"class_list":["post-789","page","type-page","status-publish","hentry"],"_links":{"self":[{"href":"https:\/\/filterek.pl\/index.php\/wp-json\/wp\/v2\/pages\/789","targetHints":{"allow":["GET"]}}],"collection":[{"href":"https:\/\/filterek.pl\/index.php\/wp-json\/wp\/v2\/pages"}],"about":[{"href":"https:\/\/filterek.pl\/index.php\/wp-json\/wp\/v2\/types\/page"}],"author":[{"embeddable":true,"href":"https:\/\/filterek.pl\/index.php\/wp-json\/wp\/v2\/users\/1"}],"replies":[{"embeddable":true,"href":"https:\/\/filterek.pl\/index.php\/wp-json\/wp\/v2\/comments?post=789"}],"version-history":[{"count":22,"href":"https:\/\/filterek.pl\/index.php\/wp-json\/wp\/v2\/pages\/789\/revisions"}],"predecessor-version":[{"id":824,"href":"https:\/\/filterek.pl\/index.php\/wp-json\/wp\/v2\/pages\/789\/revisions\/824"}],"wp:attachment":[{"href":"https:\/\/filterek.pl\/index.php\/wp-json\/wp\/v2\/media?parent=789"}],"curies":[{"name":"wp","href":"https:\/\/api.w.org\/{rel}","templated":true}]}}