{"id":60,"date":"2026-01-26T20:33:38","date_gmt":"2026-01-26T19:33:38","guid":{"rendered":"https:\/\/filterek.pl\/?post_type=product&#038;p=60"},"modified":"2026-04-09T11:52:40","modified_gmt":"2026-04-09T09:52:40","slug":"5-stopniowy-zestaw-filtrow-odwroconej-osmozy","status":"publish","type":"product","link":"https:\/\/filterek.pl\/index.php\/produkt\/5-stopniowy-zestaw-filtrow-odwroconej-osmozy\/","title":{"rendered":"Filtr wody pod zlew &#8211; odwr\u00f3cona osmoza RO"},"content":{"rendered":"<p data-start=\"268\" data-end=\"549\"><strong>Filtr wody pod zlew &#8211; odwr\u00f3cona osmoza RO<\/strong> to rozwi\u0105zanie dla os\u00f3b, kt\u00f3re chc\u0105 mie\u0107 sta\u0142y dost\u0119p do przefiltrowanej wody w domu. System montowany jest pod zlewem i dzia\u0142a bez zasilania elektrycznego, wykorzystuj\u0105c naturalne ci\u015bnienie wody w instalacji.<\/p>\n<p data-start=\"551\" data-end=\"711\">Dzi\u0119ki wieloetapowej filtracji skutecznie redukuje chlor, metale ci\u0119\u017ckie oraz inne zanieczyszczenia obecne w wodzie wodoci\u0105gowej, poprawiaj\u0105c jej smak i zapach.<\/p>\n<h2 data-section-id=\"hqomiw\" data-start=\"718\" data-end=\"767\">Dlaczego warto wybra\u0107 filtr odwr\u00f3conej osmozy?<\/h2>\n<p>\u2714 5-stopniowy system filtracji wody<\/p>\n<p>\u2714 Membrana RO o dok\u0142adno\u015bci 0,0001 \u03bcm<\/p>\n<p>\u2714 Dzia\u0142a bez pr\u0105du &#8211; brak dodatkowych koszt\u00f3w energii<\/p>\n<p>\u2714 Monta\u017c pod zlewem &#8211; oszcz\u0119dno\u015b\u0107 miejsca na blacie<\/p>\n<p>\u2714 Redukcja chloru, metali ci\u0119\u017ckich i zanieczyszcze\u0144<\/p>\n<p>\u2714 Poprawa smaku i zapachu wody<\/p>\n<p>\u2714 Wymienne wk\u0142ady filtracyjne<\/p>\n<p>\u2714 Mniej plastikowych butelek w domu<\/p>\n<p>\u2714 Zgodno\u015b\u0107 z wymaganiami CE<\/p>\n<p>&nbsp;<\/p>\n<p data-start=\"1163\" data-end=\"1267\">System odwr\u00f3conej osmozy to jedna z najdok\u0142adniejszych metod filtracji stosowanych w warunkach domowych. System filtracji RO eliminuje konieczno\u015b\u0107 kupowania i noszenia wody butelkowanej. To rozwi\u0105zanie wygodne, ekonomiczne i bardziej przyjazne \u015brodowisku.<\/p>\n<p data-start=\"3146\" data-end=\"3192\">Dla prawid\u0142owego dzia\u0142ania systemu zaleca si\u0119 wymian\u0119:<\/p>\n<ul data-start=\"3194\" data-end=\"3277\">\n<li data-section-id=\"1c25gcf\" data-start=\"3194\" data-end=\"3241\">filtry wst\u0119pne i ko\u0144cowy: co ok. 6 miesi\u0119cy<\/li>\n<li data-section-id=\"rem3yh\" data-start=\"3242\" data-end=\"3277\">membrana RO: co ok. 12 miesi\u0119cy<\/li>\n<\/ul>\n<p data-start=\"3279\" data-end=\"3377\">W naszej ofercie dost\u0119pne s\u0105 dedykowane <strong data-start=\"3302\" data-end=\"3332\">zestawy filtr\u00f3w do wody RO<\/strong>, kt\u00f3re umo\u017cliwiaj\u0105 szybk\u0105 i wygodn\u0105 wymian\u0119.<\/p>\n","protected":false},"excerpt":{"rendered":"<section class=\"text-token-text-primary w-full focus:outline-none [--shadow-height:45px] has-data-writing-block:pointer-events-none has-data-writing-block:-mt-(--shadow-height) has-data-writing-block:pt-(--shadow-height) [&amp;:has([data-writing-block])&gt;*]:pointer-events-auto scroll-mt-(--header-height)\" dir=\"auto\" data-turn-id=\"0c4f02a1-cf6a-4c83-a273-f6ddfd7f6062\" data-testid=\"conversation-turn-47\" data-scroll-anchor=\"false\" data-turn=\"user\"><\/section>\n<section class=\"text-token-text-primary w-full focus:outline-none [--shadow-height:45px] has-data-writing-block:pointer-events-none has-data-writing-block:-mt-(--shadow-height) has-data-writing-block:pt-(--shadow-height) [&amp;:has([data-writing-block])&gt;*]:pointer-events-auto scroll-mt-[calc(var(--header-height)+min(200px,max(70px,20svh)))]\" dir=\"auto\" data-turn-id=\"request-699585cf-1778-832f-87c3-76e387610b82-1\" data-testid=\"conversation-turn-48\" data-scroll-anchor=\"true\" data-turn=\"assistant\">\n<div class=\"text-base my-auto mx-auto pb-10 [--thread-content-margin:var(--thread-content-margin-xs,calc(var(--spacing)*4))] @w-sm\/main:[--thread-content-margin:var(--thread-content-margin-sm,calc(var(--spacing)*6))] @w-lg\/main:[--thread-content-margin:var(--thread-content-margin-lg,calc(var(--spacing)*16))] px-(--thread-content-margin)\">\n<div class=\"[--thread-content-max-width:40rem] @w-lg\/main:[--thread-content-max-width:48rem] mx-auto max-w-(--thread-content-max-width) flex-1 group\/turn-messages focus-visible:outline-hidden relative flex w-full min-w-0 flex-col agent-turn\">\n<div class=\"flex max-w-full flex-col gap-4 grow\">\n<div class=\"min-h-8 text-message relative flex w-full flex-col items-end gap-2 text-start break-words whitespace-normal outline-none keyboard-focused:focus-ring [.text-message+&amp;]:mt-1\" dir=\"auto\" tabindex=\"0\" data-message-author-role=\"assistant\" data-message-id=\"47643af9-94c1-45ac-8579-8a9545e9d9c6\" data-message-model-slug=\"gpt-5-3\" data-turn-start-message=\"true\">\n<div class=\"flex w-full flex-col gap-1 empty:hidden\">\n<div class=\"markdown prose dark:prose-invert w-full wrap-break-word light markdown-new-styling\">\n<p data-start=\"68\" data-end=\"281\">Kompaktowy system filtracji wody montowany pod zlewem, oparty na technologii odwr\u00f3conej osmozy. Dzi\u0119ki 5-stopniowej filtracji redukuje chlor, metale ci\u0119\u017ckie i inne zanieczyszczenia, poprawiaj\u0105c smak i zapach wody.<\/p>\n<\/div>\n<\/div>\n<\/div>\n<\/div>\n<\/div>\n<\/div>\n<\/section>\n","protected":false},"featured_media":426,"comment_status":"open","ping_status":"closed","template":"","meta":[],"product_brand":[21],"product_cat":[15],"product_tag":[24],"class_list":{"0":"post-60","1":"product","2":"type-product","3":"status-publish","4":"has-post-thumbnail","6":"product_brand-filterek","7":"product_cat-filtry-do-wody","8":"product_tag-bestseller","10":"first","11":"instock","12":"shipping-taxable","13":"purchasable","14":"product-type-simple"},"_links":{"self":[{"href":"https:\/\/filterek.pl\/index.php\/wp-json\/wp\/v2\/product\/60","targetHints":{"allow":["GET"]}}],"collection":[{"href":"https:\/\/filterek.pl\/index.php\/wp-json\/wp\/v2\/product"}],"about":[{"href":"https:\/\/filterek.pl\/index.php\/wp-json\/wp\/v2\/types\/product"}],"replies":[{"embeddable":true,"href":"https:\/\/filterek.pl\/index.php\/wp-json\/wp\/v2\/comments?post=60"}],"wp:featuredmedia":[{"embeddable":true,"href":"https:\/\/filterek.pl\/index.php\/wp-json\/wp\/v2\/media\/426"}],"wp:attachment":[{"href":"https:\/\/filterek.pl\/index.php\/wp-json\/wp\/v2\/media?parent=60"}],"wp:term":[{"taxonomy":"product_brand","embeddable":true,"href":"https:\/\/filterek.pl\/index.php\/wp-json\/wp\/v2\/product_brand?post=60"},{"taxonomy":"product_cat","embeddable":true,"href":"https:\/\/filterek.pl\/index.php\/wp-json\/wp\/v2\/product_cat?post=60"},{"taxonomy":"product_tag","embeddable":true,"href":"https:\/\/filterek.pl\/index.php\/wp-json\/wp\/v2\/product_tag?post=60"}],"curies":[{"name":"wp","href":"https:\/\/api.w.org\/{rel}","templated":true}]}}